{"id":26,"date":"2020-09-12T10:29:52","date_gmt":"2020-09-12T10:29:52","guid":{"rendered":"http:\/\/www.concretebutterflies.com\/template\/?page_id=26"},"modified":"2026-01-02T20:55:53","modified_gmt":"2026-01-02T20:55:53","slug":"home","status":"publish","type":"page","link":"https:\/\/www.concretebutterflies.com\/","title":{"rendered":"Welcome"},"content":{"rendered":"\n<p>Welcome &amp; thank you&#8230; F\u00e0ilte agus taing dhut. \u05d1\u05e8\u05d5\u05db\u05d9\u05dd \u05d4\u05d1\u05d0\u05d9\u05dd \u05d5\u05ea\u05d5\u05d3\u05d4, Witamy i dzi\u0119kuj\u0119.&nbsp; Bienvenidos y gracias.&nbsp; Hu\u0101ny\u00edng b\u00ecng xi\u00e8xi\u00e8 n\u01d0. Bienvenue et merci. \u0414\u043e\u0431\u0440\u0435 \u0434\u043e\u0448\u043b\u0438 \u0438&nbsp; \u0431\u043b\u0430\u0433\u043e\u0434\u0430\u0440\u044f \u0442\u0438. Willkommen &amp;&nbsp; &nbsp;danke. Benvenuti &amp; grazie. Bem-vindo e&nbsp; obrigado. \u0414\u043e\u0431\u0440\u043e \u043f\u043e\u0436\u0430\u043b\u043e\u0432\u0430\u0442\u044c \u0438 \u0441\u043f\u0430\u0441\u0438\u0431\u043e. Hu\u0101ny\u00edng h\u00e9 g\u01cenxi\u00e8. Bemutatkoz\u00e1s \u00e9s k\u00f6sz\u00f6n\u00f6m. Ho\u015fgeldiniz &amp; Te\u015fekk\u00fcrler. \u0906\u092a\u0915\u093e \u0938\u094d\u0935\u093e\u0917\u0924 \u0939\u0948 &amp; \u0927\u0928\u094d\u092f\u0935\u093e\u0926. \u0645\u0631\u062d\u0628\u0627 \u0622\u0646\u062f \u0634\u0643\u0631\u0627 \u0644\u0643. Velkommen &amp; tak. Welkom &amp; dank u. \u6b22\u8fce\u548c\u611f\u8c22. V\u00e4lkommen och tack.&nbsp; Velkommen og takk. Dobrodo\u0161li in hvala. V\u00edtejte a d\u011bkuji&#8230;&nbsp;&nbsp;<\/p>\n\n\n\n<p>&#8230; for taking time out to connect to the website of Concrete Butterflies Media and business owner British Writer, Journalist, Broadcast Producer, and Media Consultant Malcolm R Fane.<\/p>\n\n\n\n<br>\n\n\n\n<style>\n.mission {\n  box-shadow: 0 4px 8px 0 rgba(0, 0, 0, 0.2);\n  padding: 16px;\n  text-align: center;\n  background-color: #f1f1f1;\n}\n<\/style>\n<h2>Business Mission &amp; Personal Statements<\/h2>\n<div class=\"mission\">\n<img decoding=\"async\" src=\"https:\/\/www.concretebutterflies.com\/template\/wp-content\/uploads\/2020\/10\/mission-statement.jpg\" class=\"responsive mission\"><br><br>\n<p><i><b>&#8221; Concrete Butterflies Media continues to head forward despite challenging times&#8230; &#8220;<\/b><\/i><\/p>\n<p><a href=\"https:\/\/www.concretebutterflies.com\/?page_id=208\">Click Here<\/a><\/p>\n<\/div>\n\n\n\n\n\n<p><\/p>\n","protected":false},"excerpt":{"rendered":"<p>Welcome &amp; thank you&#8230; F\u00e0ilte agus taing dhut. \u05d1\u05e8\u05d5\u05db\u05d9\u05dd \u05d4\u05d1\u05d0\u05d9\u05dd \u05d5\u05ea\u05d5\u05d3\u05d4, Witamy i dzi\u0119kuj\u0119.&nbsp; Bienvenidos y gracias.&nbsp; Hu\u0101ny\u00edng b\u00ecng xi\u00e8xi\u00e8 n\u01d0. Bienvenue et merci. \u0414\u043e\u0431\u0440\u0435 \u0434\u043e\u0448\u043b\u0438 \u0438&nbsp; \u0431\u043b\u0430\u0433\u043e\u0434\u0430\u0440\u044f \u0442\u0438. Willkommen&hellip;<\/p>\n<div class=\"read-more\"><a href=\"https:\/\/www.concretebutterflies.com\/\" class=\"read-more-link\">See More<\/a><\/div>\n","protected":false},"author":1,"featured_media":0,"parent":0,"menu_order":0,"comment_status":"closed","ping_status":"closed","template":"","meta":{"footnotes":""},"class_list":["post-26","page","type-page","status-publish","hentry"],"_links":{"self":[{"href":"https:\/\/www.concretebutterflies.com\/index.php?rest_route=\/wp\/v2\/pages\/26","targetHints":{"allow":["GET"]}}],"collection":[{"href":"https:\/\/www.concretebutterflies.com\/index.php?rest_route=\/wp\/v2\/pages"}],"about":[{"href":"https:\/\/www.concretebutterflies.com\/index.php?rest_route=\/wp\/v2\/types\/page"}],"author":[{"embeddable":true,"href":"https:\/\/www.concretebutterflies.com\/index.php?rest_route=\/wp\/v2\/users\/1"}],"replies":[{"embeddable":true,"href":"https:\/\/www.concretebutterflies.com\/index.php?rest_route=%2Fwp%2Fv2%2Fcomments&post=26"}],"version-history":[{"count":138,"href":"https:\/\/www.concretebutterflies.com\/index.php?rest_route=\/wp\/v2\/pages\/26\/revisions"}],"predecessor-version":[{"id":1578,"href":"https:\/\/www.concretebutterflies.com\/index.php?rest_route=\/wp\/v2\/pages\/26\/revisions\/1578"}],"wp:attachment":[{"href":"https:\/\/www.concretebutterflies.com\/index.php?rest_route=%2Fwp%2Fv2%2Fmedia&parent=26"}],"curies":[{"name":"wp","href":"https:\/\/api.w.org\/{rel}","templated":true}]}}